{"id":74,"date":"2022-09-29T10:46:49","date_gmt":"2022-09-29T08:46:49","guid":{"rendered":"https:\/\/numetic.org\/?page_id=74"},"modified":"2022-12-14T15:27:36","modified_gmt":"2022-12-14T14:27:36","slug":"initiation-au-codage-et-la-robotique","status":"publish","type":"page","link":"https:\/\/numetic.org\/?page_id=74","title":{"rendered":"Initiation au codage et la robotique"},"content":{"rendered":"\n<p>L&rsquo;apprentissage du codage informatique peut \u00eatre tr\u00e8s utile pour les jeunes pour plusieurs raisons. <\/p>\n\n\n\n<p>Tout d&rsquo;abord, cela peut les aider \u00e0 d\u00e9velopper des comp\u00e9tences pratiques en r\u00e9solution de probl\u00e8mes et en pens\u00e9e algorithmique, ce qui peut leur \u00eatre utile dans d&rsquo;autres domaines scolaires et professionnels.<\/p>\n\n\n\n<p> De plus, le codage informatique est de plus en plus important dans de nombreux secteurs de l&rsquo;\u00e9conomie, il peut donc \u00eatre un atout pour les jeunes qui souhaitent travailler dans ces domaines. Enfin, apprendre \u00e0 coder peut \u00eatre un moyen amusant et stimulant pour les jeunes d&rsquo;exprimer leur cr\u00e9ativit\u00e9 et de d\u00e9couvrir de nouvelles possibilit\u00e9s.<\/p>\n\n\n\n<figure class=\"wp-block-video\"><video controls src=\"https:\/\/numetic.org\/wp-content\/uploads\/2022\/09\/Robots.mp4\"><\/video><\/figure>\n\n\n\n<figure class=\"wp-block-image size-large\"><img loading=\"lazy\" decoding=\"async\" width=\"788\" height=\"1024\" src=\"https:\/\/numetic.org\/wp-content\/uploads\/2022\/09\/IMG-20200810-WA0002-788x1024.jpeg\" alt=\"\" class=\"wp-image-77\" srcset=\"https:\/\/numetic.org\/wp-content\/uploads\/2022\/09\/IMG-20200810-WA0002-788x1024.jpeg 788w, https:\/\/numetic.org\/wp-content\/uploads\/2022\/09\/IMG-20200810-WA0002-231x300.jpeg 231w, https:\/\/numetic.org\/wp-content\/uploads\/2022\/09\/IMG-20200810-WA0002-768x998.jpeg 768w, https:\/\/numetic.org\/wp-content\/uploads\/2022\/09\/IMG-20200810-WA0002-1182x1536.jpeg 1182w, https:\/\/numetic.org\/wp-content\/uploads\/2022\/09\/IMG-20200810-WA0002-1576x2048.jpeg 1576w, https:\/\/numetic.org\/wp-content\/uploads\/2022\/09\/IMG-20200810-WA0002-1170x1520.jpeg 1170w, https:\/\/numetic.org\/wp-content\/uploads\/2022\/09\/IMG-20200810-WA0002.jpeg 1824w\" sizes=\"(max-width: 788px) 100vw, 788px\" \/><\/figure>\n\n\n\n<figure class=\"wp-block-image size-large\"><img loading=\"lazy\" decoding=\"async\" width=\"1024\" height=\"768\" src=\"https:\/\/numetic.org\/wp-content\/uploads\/2022\/09\/PB031264-1024x768.jpg\" alt=\"\" class=\"wp-image-78\" srcset=\"https:\/\/numetic.org\/wp-content\/uploads\/2022\/09\/PB031264-1024x768.jpg 1024w, https:\/\/numetic.org\/wp-content\/uploads\/2022\/09\/PB031264-300x225.jpg 300w, https:\/\/numetic.org\/wp-content\/uploads\/2022\/09\/PB031264-768x576.jpg 768w, https:\/\/numetic.org\/wp-content\/uploads\/2022\/09\/PB031264-1536x1152.jpg 1536w, https:\/\/numetic.org\/wp-content\/uploads\/2022\/09\/PB031264-2048x1536.jpg 2048w, https:\/\/numetic.org\/wp-content\/uploads\/2022\/09\/PB031264-1170x878.jpg 1170w\" sizes=\"(max-width: 1024px) 100vw, 1024px\" \/><\/figure>\n","protected":false},"excerpt":{"rendered":"<p>L&rsquo;apprentissage du codage informatique peut \u00eatre tr\u00e8s utile pour les jeunes pour plusieurs raisons. Tout d&rsquo;abord, cela peut les aider \u00e0 d\u00e9velopper des comp\u00e9tences pratiques en r\u00e9solution de probl\u00e8mes et en pens\u00e9e algorithmique, ce qui peut leur \u00eatre utile dans d&rsquo;autres domaines scolaires et professionnels. De plus, le codage informatique est de plus en plus [&hellip;]<\/p>\n","protected":false},"author":1,"featured_media":75,"parent":0,"menu_order":0,"comment_status":"closed","ping_status":"closed","template":"","meta":{"footnotes":""},"_links":{"self":[{"href":"https:\/\/numetic.org\/index.php?rest_route=\/wp\/v2\/pages\/74"}],"collection":[{"href":"https:\/\/numetic.org\/index.php?rest_route=\/wp\/v2\/pages"}],"about":[{"href":"https:\/\/numetic.org\/index.php?rest_route=\/wp\/v2\/types\/page"}],"author":[{"embeddable":true,"href":"https:\/\/numetic.org\/index.php?rest_route=\/wp\/v2\/users\/1"}],"replies":[{"embeddable":true,"href":"https:\/\/numetic.org\/index.php?rest_route=%2Fwp%2Fv2%2Fcomments&post=74"}],"version-history":[{"count":3,"href":"https:\/\/numetic.org\/index.php?rest_route=\/wp\/v2\/pages\/74\/revisions"}],"predecessor-version":[{"id":123,"href":"https:\/\/numetic.org\/index.php?rest_route=\/wp\/v2\/pages\/74\/revisions\/123"}],"wp:featuredmedia":[{"embeddable":true,"href":"https:\/\/numetic.org\/index.php?rest_route=\/wp\/v2\/media\/75"}],"wp:attachment":[{"href":"https:\/\/numetic.org\/index.php?rest_route=%2Fwp%2Fv2%2Fmedia&parent=74"}],"curies":[{"name":"wp","href":"https:\/\/api.w.org\/{rel}","templated":true}]}}