{"id":55,"date":"2022-09-28T16:21:33","date_gmt":"2022-09-28T14:21:33","guid":{"rendered":"https:\/\/numetic.org\/?page_id=55"},"modified":"2023-02-21T06:59:37","modified_gmt":"2023-02-21T05:59:37","slug":"studio-numetic","status":"publish","type":"page","link":"https:\/\/numetic.org\/?page_id=55","title":{"rendered":"Studio Num\u00e9tic"},"content":{"rendered":"\n<p>Num\u00e9tic c&rsquo;est aussi un studio didactique d&rsquo;enregistrement audiovisuel.<\/p>\n\n\n\n<p>Un studio didactique d&rsquo;enregistrement de podcast et de streaming peut \u00eatre un espace d\u00e9di\u00e9 \u00e0 la cr\u00e9ation de contenu audio et vid\u00e9o pour les podcasts et les diffusions en direct.<\/p>\n\n\n\n<p> Il est \u00e9quip\u00e9 d&rsquo;un \u00e9quipement professionnel de qualit\u00e9, comme des microphones, des logiciels de montage audio et vid\u00e9o, et des \u00e9crans de visualisation. Le studio peut \u00e9galement \u00eatre am\u00e9nag\u00e9 de mani\u00e8re \u00e0 offrir un environnement confortable et calme pour l&rsquo;enregistrement et le streaming. <\/p>\n\n\n\n<p>Un studio didactique peut servir \u00e0 diff\u00e9rentes fins, comme l&rsquo;enregistrement de podcasts, la diffusion en direct d&rsquo;\u00e9v\u00e9nements, la cr\u00e9ation de contenu vid\u00e9o pour les r\u00e9seaux sociaux, ou encore la formation et l&rsquo;\u00e9ducation aux techniques d&rsquo;enregistrement et de diffusion en direct.<\/p>\n\n\n\n<figure class=\"wp-block-image size-large is-style-default\"><img loading=\"lazy\" decoding=\"async\" width=\"1024\" height=\"735\" src=\"https:\/\/numetic.org\/wp-content\/uploads\/2022\/09\/IMG20220928161336-1-1024x735.jpg\" alt=\"\" class=\"wp-image-60\" srcset=\"https:\/\/numetic.org\/wp-content\/uploads\/2022\/09\/IMG20220928161336-1-1024x735.jpg 1024w, https:\/\/numetic.org\/wp-content\/uploads\/2022\/09\/IMG20220928161336-1-300x215.jpg 300w, https:\/\/numetic.org\/wp-content\/uploads\/2022\/09\/IMG20220928161336-1-768x551.jpg 768w, https:\/\/numetic.org\/wp-content\/uploads\/2022\/09\/IMG20220928161336-1-1536x1102.jpg 1536w, https:\/\/numetic.org\/wp-content\/uploads\/2022\/09\/IMG20220928161336-1-2048x1469.jpg 2048w, https:\/\/numetic.org\/wp-content\/uploads\/2022\/09\/IMG20220928161336-1-1170x839.jpg 1170w\" sizes=\"(max-width: 1024px) 100vw, 1024px\" \/><\/figure>\n\n\n\n<p>Le studio Num\u00e9tic c&rsquo;est aussi pas mal de mat\u00e9riel.<\/p>\n\n\n\n<p class=\"has-medium-large-font-size\"><strong>Enregistrement Audio<\/strong><\/p>\n\n\n\n<p>1 Rodecaster Pro<\/p>\n\n\n\n<p>1 Enregistreur Zoom H6<\/p>\n\n\n\n<p>2 Micros Rode Procaster<\/p>\n\n\n\n<p>4 Micros Shure SM58<\/p>\n\n\n\n<p>4 Micros Shure MV7<\/p>\n\n\n\n<p>2 Micros Shure SM7b<\/p>\n\n\n\n<p>2 Micros Rode Wireless Go II<\/p>\n\n\n\n<p>4 Micros Cravatte Rode Lavalier Go<\/p>\n\n\n\n<p>5 Casques Beyerdynamic DT-770 Pro 80 Ohm<\/p>\n\n\n\n<p class=\"has-medium-large-font-size\"><strong>Enregistrement Vid\u00e9o<\/strong><\/p>\n\n\n\n<p>1 Cam\u00e9ra hyride Panasonic G5 Mark II<\/p>\n\n\n\n<p>1 Cam\u00e9ra hyride Sony Alpha 5100<\/p>\n\n\n\n<p>1 Cam\u00e9scope Canon Legria HF G26<\/p>\n\n\n\n<p>1 Cam\u00e9ra&nbsp; Sony ZV-1 Vlog<\/p>\n\n\n\n<p>1 Webcam PTZ Insta360 Link<\/p>\n\n\n\n<p>1 Webcam PTZ OBSBOT Tiny 4K<\/p>\n\n\n\n<p>1 Webcam Logitech Brio 4K Stream Edition<\/p>\n\n\n\n<p>1 ATEM Mini Pro<\/p>\n\n\n\n<p>8 Ordinateurs<\/p>\n\n\n\n<p>1 Go XLR<\/p>\n\n\n\n<p>3 Elgato Key light<\/p>\n\n\n\n<p>2 Elgato Key Light Air<\/p>\n\n\n\n<p>2 Elgato Key Light Mini<\/p>\n\n\n\n<p>1 Elgato Stream Deck Mark II<\/p>\n\n\n\n<p>1 Smartphone<\/p>\n\n\n\n<p>2 fonds<\/p>\n\n\n\n<p>2 fonds verts<\/p>\n\n\n\n<p>1 fond bleu<\/p>\n\n\n\n<p>1 fond orange<\/p>\n\n\n\n<p>4 \u00e9crans<\/p>\n\n\n\n<p class=\"has-medium-large-font-size\"><strong>Bonus<\/strong><\/p>\n\n\n\n<p>Quelques Lumi\u00e8res et \u00e9l\u00e9ments de d\u00e9coration<\/p>\n\n\n\n<p>1 Sens\u00e9o \ud83d\ude09<\/p>\n","protected":false},"excerpt":{"rendered":"<p>Num\u00e9tic c&rsquo;est aussi un studio didactique d&rsquo;enregistrement audiovisuel. Un studio didactique d&rsquo;enregistrement de podcast et de streaming peut \u00eatre un espace d\u00e9di\u00e9 \u00e0 la cr\u00e9ation de contenu audio et vid\u00e9o pour les podcasts et les diffusions en direct. Il est \u00e9quip\u00e9 d&rsquo;un \u00e9quipement professionnel de qualit\u00e9, comme des microphones, des logiciels de montage audio et [&hellip;]<\/p>\n","protected":false},"author":1,"featured_media":57,"parent":0,"menu_order":0,"comment_status":"closed","ping_status":"closed","template":"","meta":{"footnotes":""},"_links":{"self":[{"href":"https:\/\/numetic.org\/index.php?rest_route=\/wp\/v2\/pages\/55"}],"collection":[{"href":"https:\/\/numetic.org\/index.php?rest_route=\/wp\/v2\/pages"}],"about":[{"href":"https:\/\/numetic.org\/index.php?rest_route=\/wp\/v2\/types\/page"}],"author":[{"embeddable":true,"href":"https:\/\/numetic.org\/index.php?rest_route=\/wp\/v2\/users\/1"}],"replies":[{"embeddable":true,"href":"https:\/\/numetic.org\/index.php?rest_route=%2Fwp%2Fv2%2Fcomments&post=55"}],"version-history":[{"count":13,"href":"https:\/\/numetic.org\/index.php?rest_route=\/wp\/v2\/pages\/55\/revisions"}],"predecessor-version":[{"id":143,"href":"https:\/\/numetic.org\/index.php?rest_route=\/wp\/v2\/pages\/55\/revisions\/143"}],"wp:featuredmedia":[{"embeddable":true,"href":"https:\/\/numetic.org\/index.php?rest_route=\/wp\/v2\/media\/57"}],"wp:attachment":[{"href":"https:\/\/numetic.org\/index.php?rest_route=%2Fwp%2Fv2%2Fmedia&parent=55"}],"curies":[{"name":"wp","href":"https:\/\/api.w.org\/{rel}","templated":true}]}}